{"id":10098,"date":"2023-03-23T10:13:42","date_gmt":"2023-03-23T09:13:42","guid":{"rendered":"https:\/\/pg.company\/?page_id=10098"},"modified":"2023-06-22T11:24:23","modified_gmt":"2023-06-22T09:24:23","slug":"jobs-2","status":"publish","type":"page","link":"https:\/\/pg.company\/tr\/jobs-2\/","title":{"rendered":"Jobs"},"content":{"rendered":"<h2>Kariyer<\/h2>\n<h2>A\u00e7\u0131k Pozisyon<\/h2>\n<article data-id=\"2481\">\n<header>\n<h2><a\n                        href=\"https:\/\/pg.company\/full-stack-developer\/\"\n                        title=\"Full Stack Developer\"\n                        >Full Stack Developer<\/a><\/h2>\n<\/header>\n<p>                        <a\n                            href=\"https:\/\/pg.company\/full-stack-developer\/\"\n                            >Daha fazla okumak<\/a><br \/>\n    <\/article>\n<link rel=\"stylesheet\" id=\"google-fonts-1-css\" href=\"https:\/\/fonts.googleapis.com\/css?family=Roboto%3A100%2C100italic%2C200%2C200italic%2C300%2C300italic%2C400%2C400italic%2C500%2C500italic%2C600%2C600italic%2C700%2C700italic%2C800%2C800italic%2C900%2C900italic%7CRoboto+Slab%3A100%2C100italic%2C200%2C200italic%2C300%2C300italic%2C400%2C400italic%2C500%2C500italic%2C600%2C600italic%2C700%2C700italic%2C800%2C800italic%2C900%2C900italic%7CPoppins%3A100%2C100italic%2C200%2C200italic%2C300%2C300italic%2C400%2C400italic%2C500%2C500italic%2C600%2C600italic%2C700%2C700italic%2C800%2C800italic%2C900%2C900italic%7COpen+Sans%3A100%2C100italic%2C200%2C200italic%2C300%2C300italic%2C400%2C400italic%2C500%2C500italic%2C600%2C600italic%2C700%2C700italic%2C800%2C800italic%2C900%2C900italic&amp;ver=5.5.3\" type=\"text\/css\" media=\"all\">\n            <a href=\"https:\/\/pg.company\/tr\/contact-us\/\" data-text=\"Go!\"><br \/>\n                    \u0130LETI\u015eIM<br \/>\n            <\/a><\/p>\n","protected":false},"excerpt":{"rendered":"<p>Kariyer A\u00e7\u0131k Pozisyon Full Stack Developer Daha fazla okumak \u0130LETI\u015eIM<\/p>\n","protected":false},"author":7,"featured_media":0,"parent":0,"menu_order":0,"comment_status":"closed","ping_status":"closed","template":"elementor_header_footer","meta":{"footnotes":""},"class_list":["post-10098","page","type-page","status-publish","hentry"],"translation":{"provider":"WPGlobus","version":"3.0.2","language":"tr","enabled_languages":["en","bg","it","ro","fr","pt","tr","es","ko","ja","zh","tw"],"languages":{"en":{"title":true,"content":true,"excerpt":false},"bg":{"title":false,"content":true,"excerpt":false},"it":{"title":true,"content":true,"excerpt":false},"ro":{"title":true,"content":true,"excerpt":false},"fr":{"title":false,"content":true,"excerpt":false},"pt":{"title":false,"content":true,"excerpt":false},"tr":{"title":false,"content":true,"excerpt":false},"es":{"title":false,"content":true,"excerpt":false},"ko":{"title":false,"content":true,"excerpt":false},"ja":{"title":false,"content":true,"excerpt":false},"zh":{"title":false,"content":true,"excerpt":false},"tw":{"title":false,"content":true,"excerpt":false}}},"_links":{"self":[{"href":"https:\/\/pg.company\/tr\/wp-json\/wp\/v2\/pages\/10098","targetHints":{"allow":["GET"]}}],"collection":[{"href":"https:\/\/pg.company\/tr\/wp-json\/wp\/v2\/pages"}],"about":[{"href":"https:\/\/pg.company\/tr\/wp-json\/wp\/v2\/types\/page"}],"author":[{"embeddable":true,"href":"https:\/\/pg.company\/tr\/wp-json\/wp\/v2\/users\/7"}],"replies":[{"embeddable":true,"href":"https:\/\/pg.company\/tr\/wp-json\/wp\/v2\/comments?post=10098"}],"version-history":[{"count":0,"href":"https:\/\/pg.company\/tr\/wp-json\/wp\/v2\/pages\/10098\/revisions"}],"wp:attachment":[{"href":"https:\/\/pg.company\/tr\/wp-json\/wp\/v2\/media?parent=10098"}],"curies":[{"name":"wp","href":"https:\/\/api.w.org\/{rel}","templated":true}]}}